{"id":8417,"date":"2025-05-17T01:53:24","date_gmt":"2025-05-17T01:53:24","guid":{"rendered":"https:\/\/www.nc-wiki.ch\/?page_id=8417"},"modified":"2025-05-17T07:12:27","modified_gmt":"2025-05-17T07:12:27","slug":"simulation-feedback-2025","status":"publish","type":"page","link":"https:\/\/www.nc-wiki.ch\/fr\/simulation-feedback-2025\/","title":{"rendered":"Simulation de test 2025 \u2013 Feedback"},"content":{"rendered":"\t\t<div data-elementor-type=\"wp-page\" data-elementor-id=\"8417\" class=\"elementor elementor-8417\" data-elementor-post-type=\"page\">\n\t\t\t\t\t\t<section class=\"elementor-section elementor-top-section elementor-element elementor-element-06f9acc elementor-section-boxed elementor-section-height-default elementor-section-height-default\" data-id=\"06f9acc\" data-element_type=\"section\" data-e-type=\"section\">\n\t\t\t\t\t\t<div class=\"elementor-container elementor-column-gap-default\">\n\t\t\t\t\t<div class=\"elementor-column elementor-col-16 elementor-top-column elementor-element elementor-element-4b48c63\" data-id=\"4b48c63\" data-element_type=\"column\" data-e-type=\"column\">\n\t\t\t<div class=\"elementor-widget-wrap\">\n\t\t\t\t\t\t\t<\/div>\n\t\t<\/div>\n\t\t\t\t<div class=\"elementor-column elementor-col-66 elementor-top-column elementor-element elementor-element-bb6677f\" data-id=\"bb6677f\" data-element_type=\"column\" data-e-type=\"column\">\n\t\t\t<div class=\"elementor-widget-wrap elementor-element-populated\">\n\t\t\t\t\t\t<div class=\"elementor-element elementor-element-ee06599 elementor-widget elementor-widget-text-editor\" data-id=\"ee06599\" data-element_type=\"widget\" data-e-type=\"widget\" data-widget_type=\"text-editor.default\">\n\t\t\t\t<div class=\"elementor-widget-container\">\n\t\t\t\t\t\t\t\t\t<p><b>Merci pour ta participation \u00e0 la simulation de test EMS 2025 !<\/b><\/p><p><span style=\"font-weight: 400;\">\u00a0<\/span><\/p><p><span style=\"font-weight: 400;\">Nous sommes une organisation compos\u00e9e d\u2019\u00e9tudiants en m\u00e9decine et nous essayons de te proposer une simulation aussi proche que possible de la r\u00e9alit\u00e9. En m\u00eame temps, nous sommes conscients que notre session peut pr\u00e9senter des d\u00e9fauts. Nous te remercions de nous faire part de tes propositions d\u2019am\u00e9lioration !<\/span><\/p><ol><li><span style=\"font-weight: 400;\">Fais-nous savoir comment tu as v\u00e9cu la simulation<\/span><\/li><li><span style=\"font-weight: 400;\">Corrige ta simulation de test<\/span><\/li><li><span style=\"font-weight: 400;\">Tu peux te comparer aux autres (apr\u00e8s avoir corrig\u00e9 ta propre simulation).<\/span><\/li><\/ol>\t\t\t\t\t\t\t\t<\/div>\n\t\t\t\t<\/div>\n\t\t\t\t\t<\/div>\n\t\t<\/div>\n\t\t\t\t<div class=\"elementor-column elementor-col-16 elementor-top-column elementor-element elementor-element-3ac2ae4\" data-id=\"3ac2ae4\" data-element_type=\"column\" data-e-type=\"column\">\n\t\t\t<div class=\"elementor-widget-wrap\">\n\t\t\t\t\t\t\t<\/div>\n\t\t<\/div>\n\t\t\t\t\t<\/div>\n\t\t<\/section>\n\t\t\t\t<section class=\"elementor-section elementor-top-section elementor-element elementor-element-b04fac4 elementor-section-boxed elementor-section-height-default elementor-section-height-default\" data-id=\"b04fac4\" data-element_type=\"section\" data-e-type=\"section\">\n\t\t\t\t\t\t<div class=\"elementor-container elementor-column-gap-default\">\n\t\t\t\t\t<div class=\"elementor-column elementor-col-16 elementor-top-column elementor-element elementor-element-ece7c6d\" data-id=\"ece7c6d\" data-element_type=\"column\" data-e-type=\"column\">\n\t\t\t<div class=\"elementor-widget-wrap\">\n\t\t\t\t\t\t\t<\/div>\n\t\t<\/div>\n\t\t\t\t<div class=\"elementor-column elementor-col-66 elementor-top-column elementor-element elementor-element-1793bd9\" data-id=\"1793bd9\" data-element_type=\"column\" data-e-type=\"column\">\n\t\t\t<div class=\"elementor-widget-wrap elementor-element-populated\">\n\t\t\t\t\t\t<div class=\"elementor-element elementor-element-3c7d5a2 elementor-widget elementor-widget-heading\" data-id=\"3c7d5a2\" data-element_type=\"widget\" data-e-type=\"widget\" data-widget_type=\"heading.default\">\n\t\t\t\t<div class=\"elementor-widget-container\">\n\t\t\t\t\t<h2 class=\"elementor-heading-title elementor-size-default\">1. Feedback Simulation de test<\/h2>\t\t\t\t<\/div>\n\t\t\t\t<\/div>\n\t\t\t\t\t<\/div>\n\t\t<\/div>\n\t\t\t\t<div class=\"elementor-column elementor-col-16 elementor-top-column elementor-element elementor-element-a234d44\" data-id=\"a234d44\" data-element_type=\"column\" data-e-type=\"column\">\n\t\t\t<div class=\"elementor-widget-wrap\">\n\t\t\t\t\t\t\t<\/div>\n\t\t<\/div>\n\t\t\t\t\t<\/div>\n\t\t<\/section>\n\t\t\t\t<section class=\"elementor-section elementor-top-section elementor-element elementor-element-f7533fe elementor-section-boxed elementor-section-height-default elementor-section-height-default\" data-id=\"f7533fe\" data-element_type=\"section\" data-e-type=\"section\">\n\t\t\t\t\t\t<div class=\"elementor-container elementor-column-gap-default\">\n\t\t\t\t\t<div class=\"elementor-column elementor-col-16 elementor-top-column elementor-element elementor-element-81f6639\" data-id=\"81f6639\" data-element_type=\"column\" data-e-type=\"column\">\n\t\t\t<div class=\"elementor-widget-wrap\">\n\t\t\t\t\t\t\t<\/div>\n\t\t<\/div>\n\t\t\t\t<div class=\"elementor-column elementor-col-66 elementor-top-column elementor-element elementor-element-21968c3\" data-id=\"21968c3\" data-element_type=\"column\" data-e-type=\"column\">\n\t\t\t<div class=\"elementor-widget-wrap elementor-element-populated\">\n\t\t\t\t\t\t<div class=\"elementor-element elementor-element-5ee1b00 elementor-widget elementor-widget-text-editor\" data-id=\"5ee1b00\" data-element_type=\"widget\" data-e-type=\"widget\" data-widget_type=\"text-editor.default\">\n\t\t\t\t<div class=\"elementor-widget-container\">\n\t\t\t\t\t\t\t\t\t<p><span style=\"font-weight: 400;\">Merci de nous faire savoir dans ce formulaire comment tu as v\u00e9cu la simulation de test :<\/span><\/p><p><span style=\"font-weight: 400;\"><b>\u2192 <\/b><a href=\"https:\/\/docs.google.com\/forms\/d\/e\/1FAIpQLSfyB-AB8nJqZrOmuaWTVbChxSZBfPXlgLW70o7l9ZOBpYy6yw\/viewform\" target=\"_blank\" rel=\"noopener\"><strong>Lien vers le formulaire de feedback<\/strong><\/a>\u00a0<\/span><\/p><p>\u00a0<\/p>\t\t\t\t\t\t\t\t<\/div>\n\t\t\t\t<\/div>\n\t\t\t\t\t<\/div>\n\t\t<\/div>\n\t\t\t\t<div class=\"elementor-column elementor-col-16 elementor-top-column elementor-element elementor-element-51946a2\" data-id=\"51946a2\" data-element_type=\"column\" data-e-type=\"column\">\n\t\t\t<div class=\"elementor-widget-wrap\">\n\t\t\t\t\t\t\t<\/div>\n\t\t<\/div>\n\t\t\t\t\t<\/div>\n\t\t<\/section>\n\t\t\t\t<section class=\"elementor-section elementor-top-section elementor-element elementor-element-fe3217b elementor-section-boxed elementor-section-height-default elementor-section-height-default\" data-id=\"fe3217b\" data-element_type=\"section\" data-e-type=\"section\">\n\t\t\t\t\t\t<div class=\"elementor-container elementor-column-gap-default\">\n\t\t\t\t\t<div class=\"elementor-column elementor-col-16 elementor-top-column elementor-element elementor-element-f7ca24d\" data-id=\"f7ca24d\" data-element_type=\"column\" data-e-type=\"column\">\n\t\t\t<div class=\"elementor-widget-wrap\">\n\t\t\t\t\t\t\t<\/div>\n\t\t<\/div>\n\t\t\t\t<div class=\"elementor-column elementor-col-66 elementor-top-column elementor-element elementor-element-1e0b4a3\" data-id=\"1e0b4a3\" data-element_type=\"column\" data-e-type=\"column\">\n\t\t\t<div class=\"elementor-widget-wrap elementor-element-populated\">\n\t\t\t\t\t\t<div class=\"elementor-element elementor-element-77fb2fd elementor-widget elementor-widget-heading\" data-id=\"77fb2fd\" data-element_type=\"widget\" data-e-type=\"widget\" data-widget_type=\"heading.default\">\n\t\t\t\t<div class=\"elementor-widget-container\">\n\t\t\t\t\t<h2 class=\"elementor-heading-title elementor-size-default\">2. Solutions Simulation de test<\/h2>\t\t\t\t<\/div>\n\t\t\t\t<\/div>\n\t\t\t\t\t<\/div>\n\t\t<\/div>\n\t\t\t\t<div class=\"elementor-column elementor-col-16 elementor-top-column elementor-element elementor-element-7d751c8\" data-id=\"7d751c8\" data-element_type=\"column\" data-e-type=\"column\">\n\t\t\t<div class=\"elementor-widget-wrap\">\n\t\t\t\t\t\t\t<\/div>\n\t\t<\/div>\n\t\t\t\t\t<\/div>\n\t\t<\/section>\n\t\t\t\t<section class=\"elementor-section elementor-top-section elementor-element elementor-element-f22b124 elementor-section-boxed elementor-section-height-default elementor-section-height-default\" data-id=\"f22b124\" data-element_type=\"section\" data-e-type=\"section\">\n\t\t\t\t\t\t<div class=\"elementor-container elementor-column-gap-default\">\n\t\t\t\t\t<div class=\"elementor-column elementor-col-16 elementor-top-column elementor-element elementor-element-933fe4f\" data-id=\"933fe4f\" data-element_type=\"column\" data-e-type=\"column\">\n\t\t\t<div class=\"elementor-widget-wrap\">\n\t\t\t\t\t\t\t<\/div>\n\t\t<\/div>\n\t\t\t\t<div class=\"elementor-column elementor-col-66 elementor-top-column elementor-element elementor-element-3eb7037\" data-id=\"3eb7037\" data-element_type=\"column\" data-e-type=\"column\">\n\t\t\t<div class=\"elementor-widget-wrap elementor-element-populated\">\n\t\t\t\t\t\t<div class=\"elementor-element elementor-element-c542276 elementor-widget elementor-widget-text-editor\" data-id=\"c542276\" data-element_type=\"widget\" data-e-type=\"widget\" data-widget_type=\"text-editor.default\">\n\t\t\t\t<div class=\"elementor-widget-container\">\n\t\t\t\t\t\t\t\t\t<p>Tu trouveras ici les solutions \u00e0 la simulation de test 2025<\/p><ul><li><a href=\"https:\/\/drive.google.com\/file\/d\/1Dy1qPKhIYtMAqxvVwLW2q2keVYAx_YlB\/view\" target=\"_blank\" rel=\"noopener\"><strong>Solutions Simulation de test 2025<\/strong><\/a> (ne fonctionne parfois pas sur les t\u00e9l\u00e9phones portables)<\/li><li>Tu trouveras ici le score du test de concentration et des informations d\u00e9taill\u00e9es sur l\u2019\u00e9valuation : <strong><strong><a href=\"https:\/\/drive.google.com\/file\/d\/1EAXne8Hh42g5b_8BKsvF_vvuMm38M89U\/view\" target=\"_blank\" rel=\"noopener\">Score et instructions du test de concentration 2025<\/a><\/strong><\/strong> Malheureusement, nous n&rsquo;avons pas de gabarit de correction. Chaque ligne comporte 10 cases \u00e0 coucher, sauf les lignes 10 et 30 qui en ont 8, t les lignes 14 et 34 qui en ont 12.<\/li><\/ul>\t\t\t\t\t\t\t\t<\/div>\n\t\t\t\t<\/div>\n\t\t\t\t\t<\/div>\n\t\t<\/div>\n\t\t\t\t<div class=\"elementor-column elementor-col-16 elementor-top-column elementor-element elementor-element-f92f0cc\" data-id=\"f92f0cc\" data-element_type=\"column\" data-e-type=\"column\">\n\t\t\t<div class=\"elementor-widget-wrap\">\n\t\t\t\t\t\t\t<\/div>\n\t\t<\/div>\n\t\t\t\t\t<\/div>\n\t\t<\/section>\n\t\t\t\t<section class=\"elementor-section elementor-top-section elementor-element elementor-element-ffdf8e3 elementor-section-boxed elementor-section-height-default elementor-section-height-default\" data-id=\"ffdf8e3\" data-element_type=\"section\" data-e-type=\"section\">\n\t\t\t\t\t\t<div class=\"elementor-container elementor-column-gap-default\">\n\t\t\t\t\t<div class=\"elementor-column elementor-col-16 elementor-top-column elementor-element elementor-element-d5c16a2\" data-id=\"d5c16a2\" data-element_type=\"column\" data-e-type=\"column\">\n\t\t\t<div class=\"elementor-widget-wrap\">\n\t\t\t\t\t\t\t<\/div>\n\t\t<\/div>\n\t\t\t\t<div class=\"elementor-column elementor-col-66 elementor-top-column elementor-element elementor-element-02d2e54\" data-id=\"02d2e54\" data-element_type=\"column\" data-e-type=\"column\">\n\t\t\t<div class=\"elementor-widget-wrap elementor-element-populated\">\n\t\t\t\t\t\t<div class=\"elementor-element elementor-element-5e0dbfe elementor-widget elementor-widget-heading\" data-id=\"5e0dbfe\" data-element_type=\"widget\" data-e-type=\"widget\" data-widget_type=\"heading.default\">\n\t\t\t\t<div class=\"elementor-widget-container\">\n\t\t\t\t\t<h2 class=\"elementor-heading-title elementor-size-default\">3. Comparaison aux autres participants<\/h2>\t\t\t\t<\/div>\n\t\t\t\t<\/div>\n\t\t\t\t\t<\/div>\n\t\t<\/div>\n\t\t\t\t<div class=\"elementor-column elementor-col-16 elementor-top-column elementor-element elementor-element-14f3882\" data-id=\"14f3882\" data-element_type=\"column\" data-e-type=\"column\">\n\t\t\t<div class=\"elementor-widget-wrap\">\n\t\t\t\t\t\t\t<\/div>\n\t\t<\/div>\n\t\t\t\t\t<\/div>\n\t\t<\/section>\n\t\t\t\t<section class=\"elementor-section elementor-top-section elementor-element elementor-element-3d36663 elementor-section-boxed elementor-section-height-default elementor-section-height-default\" data-id=\"3d36663\" data-element_type=\"section\" data-e-type=\"section\">\n\t\t\t\t\t\t<div class=\"elementor-container elementor-column-gap-default\">\n\t\t\t\t\t<div class=\"elementor-column elementor-col-16 elementor-top-column elementor-element elementor-element-6656b73\" data-id=\"6656b73\" data-element_type=\"column\" data-e-type=\"column\">\n\t\t\t<div class=\"elementor-widget-wrap\">\n\t\t\t\t\t\t\t<\/div>\n\t\t<\/div>\n\t\t\t\t<div class=\"elementor-column elementor-col-66 elementor-top-column elementor-element elementor-element-abf0a0e\" data-id=\"abf0a0e\" data-element_type=\"column\" data-e-type=\"column\">\n\t\t\t<div class=\"elementor-widget-wrap elementor-element-populated\">\n\t\t\t\t\t\t<div class=\"elementor-element elementor-element-9674ec1 elementor-widget elementor-widget-text-editor\" data-id=\"9674ec1\" data-element_type=\"widget\" data-e-type=\"widget\" data-widget_type=\"text-editor.default\">\n\t\t\t\t<div class=\"elementor-widget-container\">\n\t\t\t\t\t\t\t\t\t<p><span style=\"font-weight: 400;\">D\u00e8s que tu as corrig\u00e9 ta simulation, inscris-toi ici pour comparer ton score aux autres participants de toute la Suisse.<\/span><\/p><p>\u00a0<\/p><p><span style=\"font-weight: 400;\"><b>\u2192 <\/b><a href=\"https:\/\/docs.google.com\/forms\/d\/e\/1FAIpQLScY4tpj64sFj2QoEnYafhN94sK05aZ2jr19KyzCunugLqs16A\/viewform\" target=\"_blank\" rel=\"noopener\"><strong>Lien vers le formulaire de comparaison<\/strong><\/a><\/span><\/p><p><span style=\"font-weight: 400;\">\u00a0\u00a0<\/span><\/p><p><span style=\"font-weight: 400;\">Attention, tu ne peux inscrire tes points que le jour du test.<\/span><\/p>\t\t\t\t\t\t\t\t<\/div>\n\t\t\t\t<\/div>\n\t\t\t\t\t<\/div>\n\t\t<\/div>\n\t\t\t\t<div class=\"elementor-column elementor-col-16 elementor-top-column elementor-element elementor-element-b44f3a3\" data-id=\"b44f3a3\" data-element_type=\"column\" data-e-type=\"column\">\n\t\t\t<div class=\"elementor-widget-wrap\">\n\t\t\t\t\t\t\t<\/div>\n\t\t<\/div>\n\t\t\t\t\t<\/div>\n\t\t<\/section>\n\t\t\t\t<\/div>\n\t\t","protected":false},"excerpt":{"rendered":"<p>Merci pour ta participation \u00e0 la simulation de test EMS 2025 ! \u00a0 Nous sommes une organisation compos\u00e9e d\u2019\u00e9tudiants en m\u00e9decine et nous essayons de te proposer une simulation aussi proche que possible de la r\u00e9alit\u00e9. En m\u00eame temps, nous sommes conscients que notre session peut pr\u00e9senter des d\u00e9fauts. Nous te remercions de nous faire [&hellip;]<\/p>\n","protected":false},"author":52135,"featured_media":0,"parent":0,"menu_order":0,"comment_status":"closed","ping_status":"closed","template":"","meta":{"_bbp_topic_count":0,"_bbp_reply_count":0,"_bbp_total_topic_count":0,"_bbp_total_reply_count":0,"_bbp_voice_count":0,"_bbp_anonymous_reply_count":0,"_bbp_topic_count_hidden":0,"_bbp_reply_count_hidden":0,"_bbp_forum_subforum_count":0,"_monsterinsights_skip_tracking":false,"_monsterinsights_sitenote_active":false,"_monsterinsights_sitenote_note":"","_monsterinsights_sitenote_category":0,"footnotes":""},"class_list":["post-8417","page","type-page","status-publish","hentry"],"yoast_head":"<!-- This site is optimized with the Yoast SEO plugin v27.0 - https:\/\/yoast.com\/product\/yoast-seo-wordpress\/ -->\n<title>Simulation de test 2025 \u2013 Feedback - NCWiki<\/title>\n<meta name=\"robots\" content=\"index, follow, max-snippet:-1, max-image-preview:large, max-video-preview:-1\" \/>\n<link rel=\"canonical\" href=\"https:\/\/www.nc-wiki.ch\/fr\/simulation-feedback-2025\/\" \/>\n<meta property=\"og:locale\" content=\"fr_FR\" \/>\n<meta property=\"og:type\" content=\"article\" \/>\n<meta property=\"og:title\" content=\"Simulation de test 2025 \u2013 Feedback - NCWiki\" \/>\n<meta property=\"og:description\" content=\"Merci pour ta participation \u00e0 la simulation de test EMS 2025 ! \u00a0 Nous sommes une organisation compos\u00e9e d\u2019\u00e9tudiants en m\u00e9decine et nous essayons de te proposer une simulation aussi proche que possible de la r\u00e9alit\u00e9. En m\u00eame temps, nous sommes conscients que notre session peut pr\u00e9senter des d\u00e9fauts. Nous te remercions de nous faire [&hellip;]\" \/>\n<meta property=\"og:url\" content=\"https:\/\/www.nc-wiki.ch\/fr\/simulation-feedback-2025\/\" \/>\n<meta property=\"og:site_name\" content=\"NCWiki\" \/>\n<meta property=\"article:modified_time\" content=\"2025-05-17T07:12:27+00:00\" \/>\n<meta property=\"og:image\" content=\"https:\/\/www.nc-wiki.ch\/wp-content\/uploads\/2021\/04\/logo_moreBG.png\" \/>\n\t<meta property=\"og:image:width\" content=\"780\" \/>\n\t<meta property=\"og:image:height\" content=\"642\" \/>\n\t<meta property=\"og:image:type\" content=\"image\/png\" \/>\n<meta name=\"twitter:card\" content=\"summary_large_image\" \/>\n<meta name=\"twitter:label1\" content=\"Dur\u00e9e de lecture estim\u00e9e\" \/>\n\t<meta name=\"twitter:data1\" content=\"1 minute\" \/>\n<script type=\"application\/ld+json\" class=\"yoast-schema-graph\">{\"@context\":\"https:\/\/schema.org\",\"@graph\":[{\"@type\":\"WebPage\",\"@id\":\"https:\/\/www.nc-wiki.ch\/fr\/simulation-feedback-2025\/\",\"url\":\"https:\/\/www.nc-wiki.ch\/fr\/simulation-feedback-2025\/\",\"name\":\"Simulation de test 2025 \u2013 Feedback - NCWiki\",\"isPartOf\":{\"@id\":\"https:\/\/www.nc-wiki.ch\/#website\"},\"datePublished\":\"2025-05-17T01:53:24+00:00\",\"dateModified\":\"2025-05-17T07:12:27+00:00\",\"breadcrumb\":{\"@id\":\"https:\/\/www.nc-wiki.ch\/fr\/simulation-feedback-2025\/#breadcrumb\"},\"inLanguage\":\"fr-FR\",\"potentialAction\":[{\"@type\":\"ReadAction\",\"target\":[\"https:\/\/www.nc-wiki.ch\/fr\/simulation-feedback-2025\/\"]}]},{\"@type\":\"BreadcrumbList\",\"@id\":\"https:\/\/www.nc-wiki.ch\/fr\/simulation-feedback-2025\/#breadcrumb\",\"itemListElement\":[{\"@type\":\"ListItem\",\"position\":1,\"name\":\"Home\",\"item\":\"https:\/\/www.nc-wiki.ch\/fr\/\"},{\"@type\":\"ListItem\",\"position\":2,\"name\":\"Simulation de test 2025 \u2013 Feedback\"}]},{\"@type\":\"WebSite\",\"@id\":\"https:\/\/www.nc-wiki.ch\/#website\",\"url\":\"https:\/\/www.nc-wiki.ch\/\",\"name\":\"NCWiki\",\"description\":\"Chancengleichheit beim Mediziner*innentest\",\"publisher\":{\"@id\":\"https:\/\/www.nc-wiki.ch\/#organization\"},\"potentialAction\":[{\"@type\":\"SearchAction\",\"target\":{\"@type\":\"EntryPoint\",\"urlTemplate\":\"https:\/\/www.nc-wiki.ch\/?s={search_term_string}\"},\"query-input\":{\"@type\":\"PropertyValueSpecification\",\"valueRequired\":true,\"valueName\":\"search_term_string\"}}],\"inLanguage\":\"fr-FR\"},{\"@type\":\"Organization\",\"@id\":\"https:\/\/www.nc-wiki.ch\/#organization\",\"name\":\"NCWiki\",\"url\":\"https:\/\/www.nc-wiki.ch\/\",\"logo\":{\"@type\":\"ImageObject\",\"inLanguage\":\"fr-FR\",\"@id\":\"https:\/\/www.nc-wiki.ch\/#\/schema\/logo\/image\/\",\"url\":\"https:\/\/www.nc-wiki.ch\/wp-content\/uploads\/2021\/04\/logo_moreBG.png\",\"contentUrl\":\"https:\/\/www.nc-wiki.ch\/wp-content\/uploads\/2021\/04\/logo_moreBG.png\",\"width\":780,\"height\":642,\"caption\":\"NCWiki\"},\"image\":{\"@id\":\"https:\/\/www.nc-wiki.ch\/#\/schema\/logo\/image\/\"},\"sameAs\":[\"https:\/\/www.instagram.com\/ncwiki.ch\/\"]}]}<\/script>\n<!-- \/ Yoast SEO plugin. -->","yoast_head_json":{"title":"Simulation de test 2025 \u2013 Feedback - NCWiki","robots":{"index":"index","follow":"follow","max-snippet":"max-snippet:-1","max-image-preview":"max-image-preview:large","max-video-preview":"max-video-preview:-1"},"canonical":"https:\/\/www.nc-wiki.ch\/fr\/simulation-feedback-2025\/","og_locale":"fr_FR","og_type":"article","og_title":"Simulation de test 2025 \u2013 Feedback - NCWiki","og_description":"Merci pour ta participation \u00e0 la simulation de test EMS 2025 ! \u00a0 Nous sommes une organisation compos\u00e9e d\u2019\u00e9tudiants en m\u00e9decine et nous essayons de te proposer une simulation aussi proche que possible de la r\u00e9alit\u00e9. En m\u00eame temps, nous sommes conscients que notre session peut pr\u00e9senter des d\u00e9fauts. Nous te remercions de nous faire [&hellip;]","og_url":"https:\/\/www.nc-wiki.ch\/fr\/simulation-feedback-2025\/","og_site_name":"NCWiki","article_modified_time":"2025-05-17T07:12:27+00:00","og_image":[{"width":780,"height":642,"url":"https:\/\/www.nc-wiki.ch\/wp-content\/uploads\/2021\/04\/logo_moreBG.png","type":"image\/png"}],"twitter_card":"summary_large_image","twitter_misc":{"Dur\u00e9e de lecture estim\u00e9e":"1 minute"},"schema":{"@context":"https:\/\/schema.org","@graph":[{"@type":"WebPage","@id":"https:\/\/www.nc-wiki.ch\/fr\/simulation-feedback-2025\/","url":"https:\/\/www.nc-wiki.ch\/fr\/simulation-feedback-2025\/","name":"Simulation de test 2025 \u2013 Feedback - NCWiki","isPartOf":{"@id":"https:\/\/www.nc-wiki.ch\/#website"},"datePublished":"2025-05-17T01:53:24+00:00","dateModified":"2025-05-17T07:12:27+00:00","breadcrumb":{"@id":"https:\/\/www.nc-wiki.ch\/fr\/simulation-feedback-2025\/#breadcrumb"},"inLanguage":"fr-FR","potentialAction":[{"@type":"ReadAction","target":["https:\/\/www.nc-wiki.ch\/fr\/simulation-feedback-2025\/"]}]},{"@type":"BreadcrumbList","@id":"https:\/\/www.nc-wiki.ch\/fr\/simulation-feedback-2025\/#breadcrumb","itemListElement":[{"@type":"ListItem","position":1,"name":"Home","item":"https:\/\/www.nc-wiki.ch\/fr\/"},{"@type":"ListItem","position":2,"name":"Simulation de test 2025 \u2013 Feedback"}]},{"@type":"WebSite","@id":"https:\/\/www.nc-wiki.ch\/#website","url":"https:\/\/www.nc-wiki.ch\/","name":"NCWiki","description":"Chancengleichheit beim Mediziner*innentest","publisher":{"@id":"https:\/\/www.nc-wiki.ch\/#organization"},"potentialAction":[{"@type":"SearchAction","target":{"@type":"EntryPoint","urlTemplate":"https:\/\/www.nc-wiki.ch\/?s={search_term_string}"},"query-input":{"@type":"PropertyValueSpecification","valueRequired":true,"valueName":"search_term_string"}}],"inLanguage":"fr-FR"},{"@type":"Organization","@id":"https:\/\/www.nc-wiki.ch\/#organization","name":"NCWiki","url":"https:\/\/www.nc-wiki.ch\/","logo":{"@type":"ImageObject","inLanguage":"fr-FR","@id":"https:\/\/www.nc-wiki.ch\/#\/schema\/logo\/image\/","url":"https:\/\/www.nc-wiki.ch\/wp-content\/uploads\/2021\/04\/logo_moreBG.png","contentUrl":"https:\/\/www.nc-wiki.ch\/wp-content\/uploads\/2021\/04\/logo_moreBG.png","width":780,"height":642,"caption":"NCWiki"},"image":{"@id":"https:\/\/www.nc-wiki.ch\/#\/schema\/logo\/image\/"},"sameAs":["https:\/\/www.instagram.com\/ncwiki.ch\/"]}]}},"_links":{"self":[{"href":"https:\/\/www.nc-wiki.ch\/fr\/wp-json\/wp\/v2\/pages\/8417","targetHints":{"allow":["GET"]}}],"collection":[{"href":"https:\/\/www.nc-wiki.ch\/fr\/wp-json\/wp\/v2\/pages"}],"about":[{"href":"https:\/\/www.nc-wiki.ch\/fr\/wp-json\/wp\/v2\/types\/page"}],"author":[{"embeddable":true,"href":"https:\/\/www.nc-wiki.ch\/fr\/wp-json\/wp\/v2\/users\/52135"}],"replies":[{"embeddable":true,"href":"https:\/\/www.nc-wiki.ch\/fr\/wp-json\/wp\/v2\/comments?post=8417"}],"version-history":[{"count":10,"href":"https:\/\/www.nc-wiki.ch\/fr\/wp-json\/wp\/v2\/pages\/8417\/revisions"}],"predecessor-version":[{"id":8453,"href":"https:\/\/www.nc-wiki.ch\/fr\/wp-json\/wp\/v2\/pages\/8417\/revisions\/8453"}],"wp:attachment":[{"href":"https:\/\/www.nc-wiki.ch\/fr\/wp-json\/wp\/v2\/media?parent=8417"}],"curies":[{"name":"wp","href":"https:\/\/api.w.org\/{rel}","templated":true}]}}