{"id":7374,"date":"2024-04-09T18:04:08","date_gmt":"2024-04-09T18:04:08","guid":{"rendered":"https:\/\/www.nc-wiki.ch\/?page_id=7374"},"modified":"2024-05-16T18:07:09","modified_gmt":"2024-05-16T18:07:09","slug":"simulation-feedback-2024","status":"publish","type":"page","link":"https:\/\/www.nc-wiki.ch\/fr\/simulation-feedback-2024\/","title":{"rendered":"Simulation de test 2024 \u2013 Feedback"},"content":{"rendered":"\t\t<div data-elementor-type=\"wp-page\" data-elementor-id=\"7374\" class=\"elementor elementor-7374\" data-elementor-post-type=\"page\">\n\t\t\t\t\t\t<section class=\"elementor-section elementor-top-section elementor-element elementor-element-67b8717c elementor-section-boxed elementor-section-height-default elementor-section-height-default\" data-id=\"67b8717c\" data-element_type=\"section\" data-e-type=\"section\">\n\t\t\t\t\t\t<div class=\"elementor-container elementor-column-gap-default\">\n\t\t\t\t\t<div class=\"elementor-column elementor-col-16 elementor-top-column elementor-element elementor-element-102534e8\" data-id=\"102534e8\" data-element_type=\"column\" data-e-type=\"column\">\n\t\t\t<div class=\"elementor-widget-wrap\">\n\t\t\t\t\t\t\t<\/div>\n\t\t<\/div>\n\t\t\t\t<div class=\"elementor-column elementor-col-66 elementor-top-column elementor-element elementor-element-1082e30d\" data-id=\"1082e30d\" data-element_type=\"column\" data-e-type=\"column\">\n\t\t\t<div class=\"elementor-widget-wrap elementor-element-populated\">\n\t\t\t\t\t\t<div class=\"elementor-element elementor-element-665f642f elementor-widget elementor-widget-text-editor\" data-id=\"665f642f\" data-element_type=\"widget\" data-e-type=\"widget\" data-widget_type=\"text-editor.default\">\n\t\t\t\t<div class=\"elementor-widget-container\">\n\t\t\t\t\t\t\t\t\t<h1>Simulation de test 2024 \u2013 Feedback<\/h1>\t\t\t\t\t\t\t\t<\/div>\n\t\t\t\t<\/div>\n\t\t\t\t\t<\/div>\n\t\t<\/div>\n\t\t\t\t<div class=\"elementor-column elementor-col-16 elementor-top-column elementor-element elementor-element-63fce2a3\" data-id=\"63fce2a3\" data-element_type=\"column\" data-e-type=\"column\">\n\t\t\t<div class=\"elementor-widget-wrap\">\n\t\t\t\t\t\t\t<\/div>\n\t\t<\/div>\n\t\t\t\t\t<\/div>\n\t\t<\/section>\n\t\t\t\t<section class=\"elementor-section elementor-top-section elementor-element elementor-element-675a4161 elementor-section-boxed elementor-section-height-default elementor-section-height-default\" data-id=\"675a4161\" data-element_type=\"section\" data-e-type=\"section\">\n\t\t\t\t\t\t<div class=\"elementor-container elementor-column-gap-default\">\n\t\t\t\t\t<div class=\"elementor-column elementor-col-16 elementor-top-column elementor-element elementor-element-372fdc70\" data-id=\"372fdc70\" data-element_type=\"column\" data-e-type=\"column\">\n\t\t\t<div class=\"elementor-widget-wrap\">\n\t\t\t\t\t\t\t<\/div>\n\t\t<\/div>\n\t\t\t\t<div class=\"elementor-column elementor-col-66 elementor-top-column elementor-element elementor-element-7569a31e\" data-id=\"7569a31e\" data-element_type=\"column\" data-e-type=\"column\">\n\t\t\t<div class=\"elementor-widget-wrap elementor-element-populated\">\n\t\t\t\t\t\t<div class=\"elementor-element elementor-element-7bbe99b1 elementor-widget elementor-widget-text-editor\" data-id=\"7bbe99b1\" data-element_type=\"widget\" data-e-type=\"widget\" data-widget_type=\"text-editor.default\">\n\t\t\t\t<div class=\"elementor-widget-container\">\n\t\t\t\t\t\t\t\t\t<p><b>Merci pour ta participation \u00e0 la simulation de test EMS 2024 !<\/b><\/p><p><span style=\"font-weight: 400;\">\u00a0<\/span><\/p><p><span style=\"font-weight: 400;\">Nous sommes une organisation compos\u00e9e d\u2019\u00e9tudiants en m\u00e9decine et nous essayons de te proposer une simulation aussi proche que possible de la r\u00e9alit\u00e9. En m\u00eame temps, nous sommes conscients que notre session peut pr\u00e9senter des d\u00e9fauts. Nous te remercions de nous faire part de tes propositions d\u2019am\u00e9lioration !<\/span><\/p><ol><li><span style=\"font-weight: 400;\">Fais-nous savoir comment tu as v\u00e9cu la simulation<\/span><\/li><li><span style=\"font-weight: 400;\">Corrige ta simulation de test<\/span><\/li><li><span style=\"font-weight: 400;\">Tu peux te comparer aux autres (apr\u00e8s avoir corrig\u00e9 ta propre simulation).<\/span><\/li><\/ol>\t\t\t\t\t\t\t\t<\/div>\n\t\t\t\t<\/div>\n\t\t\t\t\t<\/div>\n\t\t<\/div>\n\t\t\t\t<div class=\"elementor-column elementor-col-16 elementor-top-column elementor-element elementor-element-46842adc\" data-id=\"46842adc\" data-element_type=\"column\" data-e-type=\"column\">\n\t\t\t<div class=\"elementor-widget-wrap\">\n\t\t\t\t\t\t\t<\/div>\n\t\t<\/div>\n\t\t\t\t\t<\/div>\n\t\t<\/section>\n\t\t\t\t<section class=\"elementor-section elementor-top-section elementor-element elementor-element-4e9e557 elementor-section-boxed elementor-section-height-default elementor-section-height-default\" data-id=\"4e9e557\" data-element_type=\"section\" data-e-type=\"section\">\n\t\t\t\t\t\t<div class=\"elementor-container elementor-column-gap-default\">\n\t\t\t\t\t<div class=\"elementor-column elementor-col-16 elementor-top-column elementor-element elementor-element-6acdd70\" data-id=\"6acdd70\" data-element_type=\"column\" data-e-type=\"column\">\n\t\t\t<div class=\"elementor-widget-wrap\">\n\t\t\t\t\t\t\t<\/div>\n\t\t<\/div>\n\t\t\t\t<div class=\"elementor-column elementor-col-66 elementor-top-column elementor-element elementor-element-adcd711\" data-id=\"adcd711\" data-element_type=\"column\" data-e-type=\"column\">\n\t\t\t<div class=\"elementor-widget-wrap elementor-element-populated\">\n\t\t\t\t\t\t<div class=\"elementor-element elementor-element-ea118e5 elementor-widget elementor-widget-text-editor\" data-id=\"ea118e5\" data-element_type=\"widget\" data-e-type=\"widget\" data-widget_type=\"text-editor.default\">\n\t\t\t\t<div class=\"elementor-widget-container\">\n\t\t\t\t\t\t\t\t\t<h2>1. Feedback Simulation de test<\/h2>\t\t\t\t\t\t\t\t<\/div>\n\t\t\t\t<\/div>\n\t\t\t\t\t<\/div>\n\t\t<\/div>\n\t\t\t\t<div class=\"elementor-column elementor-col-16 elementor-top-column elementor-element elementor-element-0a87209\" data-id=\"0a87209\" data-element_type=\"column\" data-e-type=\"column\">\n\t\t\t<div class=\"elementor-widget-wrap\">\n\t\t\t\t\t\t\t<\/div>\n\t\t<\/div>\n\t\t\t\t\t<\/div>\n\t\t<\/section>\n\t\t\t\t<section class=\"elementor-section elementor-top-section elementor-element elementor-element-5200a8d elementor-section-boxed elementor-section-height-default elementor-section-height-default\" data-id=\"5200a8d\" data-element_type=\"section\" data-e-type=\"section\">\n\t\t\t\t\t\t<div class=\"elementor-container elementor-column-gap-default\">\n\t\t\t\t\t<div class=\"elementor-column elementor-col-16 elementor-top-column elementor-element elementor-element-5bfeb7d\" data-id=\"5bfeb7d\" data-element_type=\"column\" data-e-type=\"column\">\n\t\t\t<div class=\"elementor-widget-wrap\">\n\t\t\t\t\t\t\t<\/div>\n\t\t<\/div>\n\t\t\t\t<div class=\"elementor-column elementor-col-66 elementor-top-column elementor-element elementor-element-f8f8c5e\" data-id=\"f8f8c5e\" data-element_type=\"column\" data-e-type=\"column\">\n\t\t\t<div class=\"elementor-widget-wrap elementor-element-populated\">\n\t\t\t\t\t\t<div class=\"elementor-element elementor-element-255b9fd elementor-widget elementor-widget-text-editor\" data-id=\"255b9fd\" data-element_type=\"widget\" data-e-type=\"widget\" data-widget_type=\"text-editor.default\">\n\t\t\t\t<div class=\"elementor-widget-container\">\n\t\t\t\t\t\t\t\t\t<p><span style=\"font-weight: 400;\">Merci de nous faire savoir dans ce formulaire comment tu as v\u00e9cu la simulation de test :<\/span><\/p>\n<p><span style=\"font-weight: 400;\"><b>\u2192 <\/b><a href=\"https:\/\/docs.google.com\/forms\/d\/e\/1FAIpQLScTQGnJ7VSr1HLKzVMSxdEtOce34UhbqudcTtzAqzmm2mueHg\/viewform\" target=\"_blank\"><strong>Lien vers le formulaire de feedback<\/strong><\/a>&nbsp;<\/span><\/p>\t\t\t\t\t\t\t\t<\/div>\n\t\t\t\t<\/div>\n\t\t\t\t\t<\/div>\n\t\t<\/div>\n\t\t\t\t<div class=\"elementor-column elementor-col-16 elementor-top-column elementor-element elementor-element-361a2cf\" data-id=\"361a2cf\" data-element_type=\"column\" data-e-type=\"column\">\n\t\t\t<div class=\"elementor-widget-wrap\">\n\t\t\t\t\t\t\t<\/div>\n\t\t<\/div>\n\t\t\t\t\t<\/div>\n\t\t<\/section>\n\t\t\t\t<section class=\"elementor-section elementor-top-section elementor-element elementor-element-4c031846 elementor-section-boxed elementor-section-height-default elementor-section-height-default\" data-id=\"4c031846\" data-element_type=\"section\" data-e-type=\"section\">\n\t\t\t\t\t\t<div class=\"elementor-container elementor-column-gap-default\">\n\t\t\t\t\t<div class=\"elementor-column elementor-col-16 elementor-top-column elementor-element elementor-element-d3f9ca0\" data-id=\"d3f9ca0\" data-element_type=\"column\" data-e-type=\"column\">\n\t\t\t<div class=\"elementor-widget-wrap\">\n\t\t\t\t\t\t\t<\/div>\n\t\t<\/div>\n\t\t\t\t<div class=\"elementor-column elementor-col-66 elementor-top-column elementor-element elementor-element-3d6f58f1\" data-id=\"3d6f58f1\" data-element_type=\"column\" data-e-type=\"column\">\n\t\t\t<div class=\"elementor-widget-wrap elementor-element-populated\">\n\t\t\t\t\t\t<div class=\"elementor-element elementor-element-4d424725 elementor-widget elementor-widget-text-editor\" data-id=\"4d424725\" data-element_type=\"widget\" data-e-type=\"widget\" data-widget_type=\"text-editor.default\">\n\t\t\t\t<div class=\"elementor-widget-container\">\n\t\t\t\t\t\t\t\t\t<h2>2. Solutions Simulation de test<\/h2>\t\t\t\t\t\t\t\t<\/div>\n\t\t\t\t<\/div>\n\t\t\t\t\t<\/div>\n\t\t<\/div>\n\t\t\t\t<div class=\"elementor-column elementor-col-16 elementor-top-column elementor-element elementor-element-35fee9f4\" data-id=\"35fee9f4\" data-element_type=\"column\" data-e-type=\"column\">\n\t\t\t<div class=\"elementor-widget-wrap\">\n\t\t\t\t\t\t\t<\/div>\n\t\t<\/div>\n\t\t\t\t\t<\/div>\n\t\t<\/section>\n\t\t\t\t<section class=\"elementor-section elementor-top-section elementor-element elementor-element-f0cebfa elementor-section-boxed elementor-section-height-default elementor-section-height-default\" data-id=\"f0cebfa\" data-element_type=\"section\" data-e-type=\"section\">\n\t\t\t\t\t\t<div class=\"elementor-container elementor-column-gap-default\">\n\t\t\t\t\t<div class=\"elementor-column elementor-col-16 elementor-top-column elementor-element elementor-element-6313840\" data-id=\"6313840\" data-element_type=\"column\" data-e-type=\"column\">\n\t\t\t<div class=\"elementor-widget-wrap\">\n\t\t\t\t\t\t\t<\/div>\n\t\t<\/div>\n\t\t\t\t<div class=\"elementor-column elementor-col-66 elementor-top-column elementor-element elementor-element-d576208\" data-id=\"d576208\" data-element_type=\"column\" data-e-type=\"column\">\n\t\t\t<div class=\"elementor-widget-wrap elementor-element-populated\">\n\t\t\t\t\t\t<div class=\"elementor-element elementor-element-7b41719 elementor-widget elementor-widget-text-editor\" data-id=\"7b41719\" data-element_type=\"widget\" data-e-type=\"widget\" data-widget_type=\"text-editor.default\">\n\t\t\t\t<div class=\"elementor-widget-container\">\n\t\t\t\t\t\t\t\t\t<p>Tu trouveras ici les solutions \u00e0 la simulation de test 2024<\/p><ul><li><a href=\"https:\/\/drive.google.com\/file\/d\/1BxI9-tyzdlBgeSSlR_GYgcACs3rhdEuW\/view?usp=sharing\" target=\"_blank\" rel=\"noopener\"><strong>Solutions Simulation de test 2024<\/strong><\/a> (ne fonctionne parfois pas sur les t\u00e9l\u00e9phones portables)<\/li><li>Tu trouveras ici le score du test de concentration et des informations d\u00e9taill\u00e9es sur l\u2019\u00e9valuation : <a href=\"https:\/\/drive.google.com\/file\/d\/1hx4l46oyOG5GOpkPS4rAy7g87Yl-ZWl8\/view?usp=sharing\" target=\"_blank\" rel=\"noopener\"><strong>Score et instructions du test de concentration 2024<\/strong><\/a><\/li><\/ul>\t\t\t\t\t\t\t\t<\/div>\n\t\t\t\t<\/div>\n\t\t\t\t\t<\/div>\n\t\t<\/div>\n\t\t\t\t<div class=\"elementor-column elementor-col-16 elementor-top-column elementor-element elementor-element-96e9b07\" data-id=\"96e9b07\" data-element_type=\"column\" data-e-type=\"column\">\n\t\t\t<div class=\"elementor-widget-wrap\">\n\t\t\t\t\t\t\t<\/div>\n\t\t<\/div>\n\t\t\t\t\t<\/div>\n\t\t<\/section>\n\t\t\t\t<section class=\"elementor-section elementor-top-section elementor-element elementor-element-64d17f0 elementor-section-boxed elementor-section-height-default elementor-section-height-default\" data-id=\"64d17f0\" data-element_type=\"section\" data-e-type=\"section\">\n\t\t\t\t\t\t<div class=\"elementor-container elementor-column-gap-default\">\n\t\t\t\t\t<div class=\"elementor-column elementor-col-16 elementor-top-column elementor-element elementor-element-0c789ca\" data-id=\"0c789ca\" data-element_type=\"column\" data-e-type=\"column\">\n\t\t\t<div class=\"elementor-widget-wrap\">\n\t\t\t\t\t\t\t<\/div>\n\t\t<\/div>\n\t\t\t\t<div class=\"elementor-column elementor-col-66 elementor-top-column elementor-element elementor-element-1a76a2e\" data-id=\"1a76a2e\" data-element_type=\"column\" data-e-type=\"column\">\n\t\t\t<div class=\"elementor-widget-wrap elementor-element-populated\">\n\t\t\t\t\t\t<div class=\"elementor-element elementor-element-ad2d157 elementor-widget elementor-widget-text-editor\" data-id=\"ad2d157\" data-element_type=\"widget\" data-e-type=\"widget\" data-widget_type=\"text-editor.default\">\n\t\t\t\t<div class=\"elementor-widget-container\">\n\t\t\t\t\t\t\t\t\t<h2>3. Comparaison aux autres participants<\/h2>\t\t\t\t\t\t\t\t<\/div>\n\t\t\t\t<\/div>\n\t\t\t\t\t<\/div>\n\t\t<\/div>\n\t\t\t\t<div class=\"elementor-column elementor-col-16 elementor-top-column elementor-element elementor-element-d2c75ec\" data-id=\"d2c75ec\" data-element_type=\"column\" data-e-type=\"column\">\n\t\t\t<div class=\"elementor-widget-wrap\">\n\t\t\t\t\t\t\t<\/div>\n\t\t<\/div>\n\t\t\t\t\t<\/div>\n\t\t<\/section>\n\t\t\t\t<section class=\"elementor-section elementor-top-section elementor-element elementor-element-23c5ab34 elementor-section-boxed elementor-section-height-default elementor-section-height-default\" data-id=\"23c5ab34\" data-element_type=\"section\" data-e-type=\"section\">\n\t\t\t\t\t\t<div class=\"elementor-container elementor-column-gap-default\">\n\t\t\t\t\t<div class=\"elementor-column elementor-col-16 elementor-top-column elementor-element elementor-element-356ab1e1\" data-id=\"356ab1e1\" data-element_type=\"column\" data-e-type=\"column\">\n\t\t\t<div class=\"elementor-widget-wrap\">\n\t\t\t\t\t\t\t<\/div>\n\t\t<\/div>\n\t\t\t\t<div class=\"elementor-column elementor-col-66 elementor-top-column elementor-element elementor-element-6683aab7\" data-id=\"6683aab7\" data-element_type=\"column\" data-e-type=\"column\">\n\t\t\t<div class=\"elementor-widget-wrap elementor-element-populated\">\n\t\t\t\t\t\t<div class=\"elementor-element elementor-element-6888de4d elementor-widget elementor-widget-text-editor\" data-id=\"6888de4d\" data-element_type=\"widget\" data-e-type=\"widget\" data-widget_type=\"text-editor.default\">\n\t\t\t\t<div class=\"elementor-widget-container\">\n\t\t\t\t\t\t\t\t\t<p><span style=\"font-weight: 400;\">D\u00e8s que tu as corrig\u00e9 ta simulation, inscris-toi ici pour comparer ton score aux autres participants de toute la Suisse.<\/span><\/p>\n<p>&nbsp;<\/p>\n<p><span style=\"font-weight: 400;\"><b>\u2192 <\/b><a href=\"https:\/\/docs.google.com\/forms\/d\/e\/1FAIpQLSeKRLJ6Af9fH7392kiCFUlJFa3rOyQQ2HGQTGG-EkE_j4G4RA\/viewform\" target=\"_blank\"><strong>Lien vers le formulaire de comparaison<\/strong><\/a><\/span><\/p>\n<p><span style=\"font-weight: 400;\">&nbsp;&nbsp;<\/span><\/p>\n<p><span style=\"font-weight: 400;\">Attention, tu ne peux inscrire tes points que le jour du test.<\/span><\/p>\t\t\t\t\t\t\t\t<\/div>\n\t\t\t\t<\/div>\n\t\t\t\t\t<\/div>\n\t\t<\/div>\n\t\t\t\t<div class=\"elementor-column elementor-col-16 elementor-top-column elementor-element elementor-element-58730e5c\" data-id=\"58730e5c\" data-element_type=\"column\" data-e-type=\"column\">\n\t\t\t<div class=\"elementor-widget-wrap\">\n\t\t\t\t\t\t\t<\/div>\n\t\t<\/div>\n\t\t\t\t\t<\/div>\n\t\t<\/section>\n\t\t\t\t<\/div>\n\t\t","protected":false},"excerpt":{"rendered":"<p>Simulation de test 2024 \u2013 Feedback Merci pour ta participation \u00e0 la simulation de test EMS 2024 ! \u00a0 Nous sommes une organisation compos\u00e9e d\u2019\u00e9tudiants en m\u00e9decine et nous essayons de te proposer une simulation aussi proche que possible de la r\u00e9alit\u00e9. En m\u00eame temps, nous sommes conscients que notre session peut pr\u00e9senter des d\u00e9fauts. [&hellip;]<\/p>\n","protected":false},"author":16,"featured_media":0,"parent":0,"menu_order":0,"comment_status":"closed","ping_status":"closed","template":"","meta":{"_bbp_topic_count":0,"_bbp_reply_count":0,"_bbp_total_topic_count":0,"_bbp_total_reply_count":0,"_bbp_voice_count":0,"_bbp_anonymous_reply_count":0,"_bbp_topic_count_hidden":0,"_bbp_reply_count_hidden":0,"_bbp_forum_subforum_count":0,"_monsterinsights_skip_tracking":false,"_monsterinsights_sitenote_active":false,"_monsterinsights_sitenote_note":"","_monsterinsights_sitenote_category":0,"footnotes":""},"class_list":["post-7374","page","type-page","status-publish","hentry"],"yoast_head":"<!-- This site is optimized with the Yoast SEO plugin v27.0 - https:\/\/yoast.com\/product\/yoast-seo-wordpress\/ -->\n<title>Simulation de test 2024 \u2013 Feedback - NCWiki<\/title>\n<meta name=\"robots\" content=\"index, follow, max-snippet:-1, max-image-preview:large, max-video-preview:-1\" \/>\n<link rel=\"canonical\" href=\"https:\/\/www.nc-wiki.ch\/fr\/simulation-feedback-2024\/\" \/>\n<meta property=\"og:locale\" content=\"fr_FR\" \/>\n<meta property=\"og:type\" content=\"article\" \/>\n<meta property=\"og:title\" content=\"Simulation de test 2024 \u2013 Feedback - NCWiki\" \/>\n<meta property=\"og:description\" content=\"Simulation de test 2024 \u2013 Feedback Merci pour ta participation \u00e0 la simulation de test EMS 2024 ! \u00a0 Nous sommes une organisation compos\u00e9e d\u2019\u00e9tudiants en m\u00e9decine et nous essayons de te proposer une simulation aussi proche que possible de la r\u00e9alit\u00e9. En m\u00eame temps, nous sommes conscients que notre session peut pr\u00e9senter des d\u00e9fauts. [&hellip;]\" \/>\n<meta property=\"og:url\" content=\"https:\/\/www.nc-wiki.ch\/fr\/simulation-feedback-2024\/\" \/>\n<meta property=\"og:site_name\" content=\"NCWiki\" \/>\n<meta property=\"article:modified_time\" content=\"2024-05-16T18:07:09+00:00\" \/>\n<meta property=\"og:image\" content=\"https:\/\/www.nc-wiki.ch\/wp-content\/uploads\/2021\/04\/logo_moreBG.png\" \/>\n\t<meta property=\"og:image:width\" content=\"780\" \/>\n\t<meta property=\"og:image:height\" content=\"642\" \/>\n\t<meta property=\"og:image:type\" content=\"image\/png\" \/>\n<meta name=\"twitter:card\" content=\"summary_large_image\" \/>\n<meta name=\"twitter:label1\" content=\"Dur\u00e9e de lecture estim\u00e9e\" \/>\n\t<meta name=\"twitter:data1\" content=\"1 minute\" \/>\n<script type=\"application\/ld+json\" class=\"yoast-schema-graph\">{\"@context\":\"https:\/\/schema.org\",\"@graph\":[{\"@type\":\"WebPage\",\"@id\":\"https:\/\/www.nc-wiki.ch\/fr\/simulation-feedback-2024\/\",\"url\":\"https:\/\/www.nc-wiki.ch\/fr\/simulation-feedback-2024\/\",\"name\":\"Simulation de test 2024 \u2013 Feedback - NCWiki\",\"isPartOf\":{\"@id\":\"https:\/\/www.nc-wiki.ch\/#website\"},\"datePublished\":\"2024-04-09T18:04:08+00:00\",\"dateModified\":\"2024-05-16T18:07:09+00:00\",\"breadcrumb\":{\"@id\":\"https:\/\/www.nc-wiki.ch\/fr\/simulation-feedback-2024\/#breadcrumb\"},\"inLanguage\":\"fr-FR\",\"potentialAction\":[{\"@type\":\"ReadAction\",\"target\":[\"https:\/\/www.nc-wiki.ch\/fr\/simulation-feedback-2024\/\"]}]},{\"@type\":\"BreadcrumbList\",\"@id\":\"https:\/\/www.nc-wiki.ch\/fr\/simulation-feedback-2024\/#breadcrumb\",\"itemListElement\":[{\"@type\":\"ListItem\",\"position\":1,\"name\":\"Home\",\"item\":\"https:\/\/www.nc-wiki.ch\/fr\/\"},{\"@type\":\"ListItem\",\"position\":2,\"name\":\"Simulation de test 2024 \u2013 Feedback\"}]},{\"@type\":\"WebSite\",\"@id\":\"https:\/\/www.nc-wiki.ch\/#website\",\"url\":\"https:\/\/www.nc-wiki.ch\/\",\"name\":\"NCWiki\",\"description\":\"Chancengleichheit beim Mediziner*innentest\",\"publisher\":{\"@id\":\"https:\/\/www.nc-wiki.ch\/#organization\"},\"potentialAction\":[{\"@type\":\"SearchAction\",\"target\":{\"@type\":\"EntryPoint\",\"urlTemplate\":\"https:\/\/www.nc-wiki.ch\/?s={search_term_string}\"},\"query-input\":{\"@type\":\"PropertyValueSpecification\",\"valueRequired\":true,\"valueName\":\"search_term_string\"}}],\"inLanguage\":\"fr-FR\"},{\"@type\":\"Organization\",\"@id\":\"https:\/\/www.nc-wiki.ch\/#organization\",\"name\":\"NCWiki\",\"url\":\"https:\/\/www.nc-wiki.ch\/\",\"logo\":{\"@type\":\"ImageObject\",\"inLanguage\":\"fr-FR\",\"@id\":\"https:\/\/www.nc-wiki.ch\/#\/schema\/logo\/image\/\",\"url\":\"https:\/\/www.nc-wiki.ch\/wp-content\/uploads\/2021\/04\/logo_moreBG.png\",\"contentUrl\":\"https:\/\/www.nc-wiki.ch\/wp-content\/uploads\/2021\/04\/logo_moreBG.png\",\"width\":780,\"height\":642,\"caption\":\"NCWiki\"},\"image\":{\"@id\":\"https:\/\/www.nc-wiki.ch\/#\/schema\/logo\/image\/\"},\"sameAs\":[\"https:\/\/www.instagram.com\/ncwiki.ch\/\"]}]}<\/script>\n<!-- \/ Yoast SEO plugin. -->","yoast_head_json":{"title":"Simulation de test 2024 \u2013 Feedback - NCWiki","robots":{"index":"index","follow":"follow","max-snippet":"max-snippet:-1","max-image-preview":"max-image-preview:large","max-video-preview":"max-video-preview:-1"},"canonical":"https:\/\/www.nc-wiki.ch\/fr\/simulation-feedback-2024\/","og_locale":"fr_FR","og_type":"article","og_title":"Simulation de test 2024 \u2013 Feedback - NCWiki","og_description":"Simulation de test 2024 \u2013 Feedback Merci pour ta participation \u00e0 la simulation de test EMS 2024 ! \u00a0 Nous sommes une organisation compos\u00e9e d\u2019\u00e9tudiants en m\u00e9decine et nous essayons de te proposer une simulation aussi proche que possible de la r\u00e9alit\u00e9. En m\u00eame temps, nous sommes conscients que notre session peut pr\u00e9senter des d\u00e9fauts. [&hellip;]","og_url":"https:\/\/www.nc-wiki.ch\/fr\/simulation-feedback-2024\/","og_site_name":"NCWiki","article_modified_time":"2024-05-16T18:07:09+00:00","og_image":[{"width":780,"height":642,"url":"https:\/\/www.nc-wiki.ch\/wp-content\/uploads\/2021\/04\/logo_moreBG.png","type":"image\/png"}],"twitter_card":"summary_large_image","twitter_misc":{"Dur\u00e9e de lecture estim\u00e9e":"1 minute"},"schema":{"@context":"https:\/\/schema.org","@graph":[{"@type":"WebPage","@id":"https:\/\/www.nc-wiki.ch\/fr\/simulation-feedback-2024\/","url":"https:\/\/www.nc-wiki.ch\/fr\/simulation-feedback-2024\/","name":"Simulation de test 2024 \u2013 Feedback - NCWiki","isPartOf":{"@id":"https:\/\/www.nc-wiki.ch\/#website"},"datePublished":"2024-04-09T18:04:08+00:00","dateModified":"2024-05-16T18:07:09+00:00","breadcrumb":{"@id":"https:\/\/www.nc-wiki.ch\/fr\/simulation-feedback-2024\/#breadcrumb"},"inLanguage":"fr-FR","potentialAction":[{"@type":"ReadAction","target":["https:\/\/www.nc-wiki.ch\/fr\/simulation-feedback-2024\/"]}]},{"@type":"BreadcrumbList","@id":"https:\/\/www.nc-wiki.ch\/fr\/simulation-feedback-2024\/#breadcrumb","itemListElement":[{"@type":"ListItem","position":1,"name":"Home","item":"https:\/\/www.nc-wiki.ch\/fr\/"},{"@type":"ListItem","position":2,"name":"Simulation de test 2024 \u2013 Feedback"}]},{"@type":"WebSite","@id":"https:\/\/www.nc-wiki.ch\/#website","url":"https:\/\/www.nc-wiki.ch\/","name":"NCWiki","description":"Chancengleichheit beim Mediziner*innentest","publisher":{"@id":"https:\/\/www.nc-wiki.ch\/#organization"},"potentialAction":[{"@type":"SearchAction","target":{"@type":"EntryPoint","urlTemplate":"https:\/\/www.nc-wiki.ch\/?s={search_term_string}"},"query-input":{"@type":"PropertyValueSpecification","valueRequired":true,"valueName":"search_term_string"}}],"inLanguage":"fr-FR"},{"@type":"Organization","@id":"https:\/\/www.nc-wiki.ch\/#organization","name":"NCWiki","url":"https:\/\/www.nc-wiki.ch\/","logo":{"@type":"ImageObject","inLanguage":"fr-FR","@id":"https:\/\/www.nc-wiki.ch\/#\/schema\/logo\/image\/","url":"https:\/\/www.nc-wiki.ch\/wp-content\/uploads\/2021\/04\/logo_moreBG.png","contentUrl":"https:\/\/www.nc-wiki.ch\/wp-content\/uploads\/2021\/04\/logo_moreBG.png","width":780,"height":642,"caption":"NCWiki"},"image":{"@id":"https:\/\/www.nc-wiki.ch\/#\/schema\/logo\/image\/"},"sameAs":["https:\/\/www.instagram.com\/ncwiki.ch\/"]}]}},"_links":{"self":[{"href":"https:\/\/www.nc-wiki.ch\/fr\/wp-json\/wp\/v2\/pages\/7374","targetHints":{"allow":["GET"]}}],"collection":[{"href":"https:\/\/www.nc-wiki.ch\/fr\/wp-json\/wp\/v2\/pages"}],"about":[{"href":"https:\/\/www.nc-wiki.ch\/fr\/wp-json\/wp\/v2\/types\/page"}],"author":[{"embeddable":true,"href":"https:\/\/www.nc-wiki.ch\/fr\/wp-json\/wp\/v2\/users\/16"}],"replies":[{"embeddable":true,"href":"https:\/\/www.nc-wiki.ch\/fr\/wp-json\/wp\/v2\/comments?post=7374"}],"version-history":[{"count":23,"href":"https:\/\/www.nc-wiki.ch\/fr\/wp-json\/wp\/v2\/pages\/7374\/revisions"}],"predecessor-version":[{"id":8419,"href":"https:\/\/www.nc-wiki.ch\/fr\/wp-json\/wp\/v2\/pages\/7374\/revisions\/8419"}],"wp:attachment":[{"href":"https:\/\/www.nc-wiki.ch\/fr\/wp-json\/wp\/v2\/media?parent=7374"}],"curies":[{"name":"wp","href":"https:\/\/api.w.org\/{rel}","templated":true}]}}