{"id":3180,"date":"2021-11-20T18:48:39","date_gmt":"2021-11-20T18:48:39","guid":{"rendered":"https:\/\/www.nc-wiki.ch\/?page_id=3180"},"modified":"2024-04-07T13:25:35","modified_gmt":"2024-04-07T13:25:35","slug":"infos-sous-tests","status":"publish","type":"page","link":"https:\/\/www.nc-wiki.ch\/fr\/infos-sous-tests\/","title":{"rendered":"Infos sous-tests"},"content":{"rendered":"\t\t<div data-elementor-type=\"wp-page\" data-elementor-id=\"3180\" class=\"elementor elementor-3180\" data-elementor-post-type=\"page\">\n\t\t\t\t\t\t<section class=\"elementor-section elementor-top-section elementor-element elementor-element-ba2998d elementor-section-boxed elementor-section-height-default elementor-section-height-default\" data-id=\"ba2998d\" data-element_type=\"section\" data-e-type=\"section\">\n\t\t\t\t\t\t<div class=\"elementor-container elementor-column-gap-default\">\n\t\t\t\t\t<div class=\"elementor-column elementor-col-25 elementor-top-column elementor-element elementor-element-f4822f4\" data-id=\"f4822f4\" data-element_type=\"column\" data-e-type=\"column\">\n\t\t\t<div class=\"elementor-widget-wrap\">\n\t\t\t\t\t\t\t<\/div>\n\t\t<\/div>\n\t\t\t\t<div class=\"elementor-column elementor-col-50 elementor-top-column elementor-element elementor-element-170ebbc\" data-id=\"170ebbc\" data-element_type=\"column\" data-e-type=\"column\">\n\t\t\t<div class=\"elementor-widget-wrap elementor-element-populated\">\n\t\t\t\t\t\t<div class=\"elementor-element elementor-element-112539e elementor-widget elementor-widget-heading\" data-id=\"112539e\" data-element_type=\"widget\" data-e-type=\"widget\" data-widget_type=\"heading.default\">\n\t\t\t\t<div class=\"elementor-widget-container\">\n\t\t\t\t\t<h2 class=\"elementor-heading-title elementor-size-default\">Vue d'ensemble<\/h2>\t\t\t\t<\/div>\n\t\t\t\t<\/div>\n\t\t\t\t\t<\/div>\n\t\t<\/div>\n\t\t\t\t<div class=\"elementor-column elementor-col-25 elementor-top-column elementor-element elementor-element-f3fd753\" data-id=\"f3fd753\" data-element_type=\"column\" data-e-type=\"column\">\n\t\t\t<div class=\"elementor-widget-wrap\">\n\t\t\t\t\t\t\t<\/div>\n\t\t<\/div>\n\t\t\t\t\t<\/div>\n\t\t<\/section>\n\t\t\t\t<section class=\"elementor-section elementor-top-section elementor-element elementor-element-ae1c50b elementor-section-boxed elementor-section-height-default elementor-section-height-default\" data-id=\"ae1c50b\" data-element_type=\"section\" data-e-type=\"section\">\n\t\t\t\t\t\t<div class=\"elementor-container elementor-column-gap-default\">\n\t\t\t\t\t<div class=\"elementor-column elementor-col-25 elementor-top-column elementor-element elementor-element-bc43e53\" data-id=\"bc43e53\" data-element_type=\"column\" data-e-type=\"column\">\n\t\t\t<div class=\"elementor-widget-wrap\">\n\t\t\t\t\t\t\t<\/div>\n\t\t<\/div>\n\t\t\t\t<div class=\"elementor-column elementor-col-50 elementor-top-column elementor-element elementor-element-b74e4f4\" data-id=\"b74e4f4\" data-element_type=\"column\" data-e-type=\"column\">\n\t\t\t<div class=\"elementor-widget-wrap elementor-element-populated\">\n\t\t\t\t\t\t<div class=\"elementor-element elementor-element-eb3abac elementor-widget elementor-widget-text-editor\" data-id=\"eb3abac\" data-element_type=\"widget\" data-e-type=\"widget\" data-widget_type=\"text-editor.default\">\n\t\t\t\t<div class=\"elementor-widget-container\">\n\t\t\t\t\t\t\t\t\t<p>Nous avons rassembl\u00e9 dans les pages suivantes des informations sur les diff\u00e9rents sous-tests.\u00a0<\/p><p>Tu trouveras \u00e0 chaque fois une explication du sous-test, nos recommandations pour la pr\u00e9paration (combien s&rsquo;entra\u00eener, quand commencer) et nos meilleures astuces pour la r\u00e9solution des sous-tests.\u00a0<\/p><p>\u00a0<\/p>\t\t\t\t\t\t\t\t<\/div>\n\t\t\t\t<\/div>\n\t\t\t\t\t<\/div>\n\t\t<\/div>\n\t\t\t\t<div class=\"elementor-column elementor-col-25 elementor-top-column elementor-element elementor-element-3d19606\" data-id=\"3d19606\" data-element_type=\"column\" data-e-type=\"column\">\n\t\t\t<div class=\"elementor-widget-wrap\">\n\t\t\t\t\t\t\t<\/div>\n\t\t<\/div>\n\t\t\t\t\t<\/div>\n\t\t<\/section>\n\t\t\t\t<section class=\"elementor-section elementor-top-section elementor-element elementor-element-4f7d6fb elementor-section-boxed elementor-section-height-default elementor-section-height-default\" data-id=\"4f7d6fb\" data-element_type=\"section\" data-e-type=\"section\">\n\t\t\t\t\t\t<div class=\"elementor-container elementor-column-gap-default\">\n\t\t\t\t\t<div class=\"elementor-column elementor-col-25 elementor-top-column elementor-element elementor-element-39eaaf3\" data-id=\"39eaaf3\" data-element_type=\"column\" data-e-type=\"column\">\n\t\t\t<div class=\"elementor-widget-wrap\">\n\t\t\t\t\t\t\t<\/div>\n\t\t<\/div>\n\t\t\t\t<div class=\"elementor-column elementor-col-50 elementor-top-column elementor-element elementor-element-3be8609\" data-id=\"3be8609\" data-element_type=\"column\" data-e-type=\"column\">\n\t\t\t<div class=\"elementor-widget-wrap elementor-element-populated\">\n\t\t\t\t\t\t<div class=\"elementor-element elementor-element-d989c1b elementor-widget elementor-widget-text-editor\" data-id=\"d989c1b\" data-element_type=\"widget\" data-e-type=\"widget\" data-widget_type=\"text-editor.default\">\n\t\t\t\t<div class=\"elementor-widget-container\">\n\t\t\t\t\t\t\t\t\t<p><a href=\"https:\/\/www.nc-wiki.ch\/fr\/generalites\/\">G\u00e9n\u00e9ralit\u00e9s<\/a><\/p><ul><li><a href=\"https:\/\/www.nc-wiki.ch\/fr\/fragments-de-figure\/\">Fragments de figure<\/a><\/li><li aria-level=\"1\"><a href=\"https:\/\/www.nc-wiki.ch\/fr\/comprehension-sci-et-med\/\">Questions fond. science et med.<\/a><\/li><li aria-level=\"1\"><a href=\"https:\/\/www.nc-wiki.ch\/fr\/figures-tubulaires\/\">Figures tubulaires<\/a><\/li><li aria-level=\"1\"><a href=\"https:\/\/www.nc-wiki.ch\/fr\/problemes-quantitatifs-et-formels\/\">Probl\u00e8mes quantitatifs et formels<\/a><\/li><li aria-level=\"1\"><a href=\"https:\/\/www.nc-wiki.ch\/fr\/travail-avec-soin-et-concentration\/\">Travail avec soin et concentration<\/a><\/li><li aria-level=\"1\"><a href=\"https:\/\/www.nc-wiki.ch\/fr\/memorisation-de-figures\/\">M\u00e9morisation de figures<\/a><\/li><li aria-level=\"1\"><a href=\"https:\/\/www.nc-wiki.ch\/fr\/memorisation-de-faits\/\">M\u00e9morisation de faits<\/a><\/li><li aria-level=\"1\"><a href=\"https:\/\/www.nc-wiki.ch\/fr\/comprehension-de-textes\/\">Compr\u00e9hension de textes<\/a><\/li><li aria-level=\"1\"><a href=\"https:\/\/www.nc-wiki.ch\/fr\/diagrammes-et-tableaux\/\">Diagrammes et tableaux<\/a><\/li><\/ul>\t\t\t\t\t\t\t\t<\/div>\n\t\t\t\t<\/div>\n\t\t\t\t\t<\/div>\n\t\t<\/div>\n\t\t\t\t<div class=\"elementor-column elementor-col-25 elementor-top-column elementor-element elementor-element-a5f7b68\" data-id=\"a5f7b68\" data-element_type=\"column\" data-e-type=\"column\">\n\t\t\t<div class=\"elementor-widget-wrap\">\n\t\t\t\t\t\t\t<\/div>\n\t\t<\/div>\n\t\t\t\t\t<\/div>\n\t\t<\/section>\n\t\t\t\t<section class=\"elementor-section elementor-top-section elementor-element elementor-element-6399cb6 elementor-section-boxed elementor-section-height-default elementor-section-height-default\" data-id=\"6399cb6\" data-element_type=\"section\" data-e-type=\"section\">\n\t\t\t\t\t\t<div class=\"elementor-container elementor-column-gap-default\">\n\t\t\t\t\t<div class=\"elementor-column elementor-col-25 elementor-top-column elementor-element elementor-element-d609b3e\" data-id=\"d609b3e\" data-element_type=\"column\" data-e-type=\"column\">\n\t\t\t<div class=\"elementor-widget-wrap\">\n\t\t\t\t\t\t\t<\/div>\n\t\t<\/div>\n\t\t\t\t<div class=\"elementor-column elementor-col-50 elementor-top-column elementor-element elementor-element-9894e65\" data-id=\"9894e65\" data-element_type=\"column\" data-e-type=\"column\">\n\t\t\t<div class=\"elementor-widget-wrap elementor-element-populated\">\n\t\t\t\t\t\t<div class=\"elementor-element elementor-element-24a112d elementor-widget elementor-widget-text-editor\" data-id=\"24a112d\" data-element_type=\"widget\" data-e-type=\"widget\" data-widget_type=\"text-editor.default\">\n\t\t\t\t<div class=\"elementor-widget-container\">\n\t\t\t\t\t\t\t\t\t<p>Depuis 2022, il y a eu quelques changements dans l\u2019AMS, que tu peux lire <a href=\"https:\/\/www.nc-wiki.ch\/fr\/mise-a-jour-2022\/\">ici<\/a> (\/ <a href=\"https:\/\/www.swissuniversities.ch\/fr\/service\/inscription-aux-etudes-de-medecine\/test-daptitudes\/structure-de-lams\">Swissuniversities fran\u00e7ais<\/a>).<\/p><p>Tous les exercices sont maintenant compt\u00e9s sur 18 points, ce qui change \u00e9galement la dur\u00e9e totale de l\u2019examen.<\/p><p>\u00a0<\/p><p>Tu peux \u00e9changer des informations sur les sous-tests avec d&rsquo;autres personnes <a href=\"https:\/\/www.nc-wiki.ch\/diskussionsplattform\/\">ici <\/a>sur le forum.\u00a0<\/p>\t\t\t\t\t\t\t\t<\/div>\n\t\t\t\t<\/div>\n\t\t\t\t\t<\/div>\n\t\t<\/div>\n\t\t\t\t<div class=\"elementor-column elementor-col-25 elementor-top-column elementor-element elementor-element-7a148b8\" data-id=\"7a148b8\" data-element_type=\"column\" data-e-type=\"column\">\n\t\t\t<div class=\"elementor-widget-wrap\">\n\t\t\t\t\t\t\t<\/div>\n\t\t<\/div>\n\t\t\t\t\t<\/div>\n\t\t<\/section>\n\t\t\t\t<\/div>\n\t\t","protected":false},"excerpt":{"rendered":"<p>Vue d&rsquo;ensemble Nous avons rassembl\u00e9 dans les pages suivantes des informations sur les diff\u00e9rents sous-tests.\u00a0 Tu trouveras \u00e0 chaque fois une explication du sous-test, nos recommandations pour la pr\u00e9paration (combien s&rsquo;entra\u00eener, quand commencer) et nos meilleures astuces pour la r\u00e9solution des sous-tests.\u00a0 \u00a0 G\u00e9n\u00e9ralit\u00e9s Fragments de figure Questions fond. science et med. Figures tubulaires Probl\u00e8mes [&hellip;]<\/p>\n","protected":false},"author":1195,"featured_media":0,"parent":0,"menu_order":0,"comment_status":"closed","ping_status":"closed","template":"","meta":{"_bbp_topic_count":0,"_bbp_reply_count":0,"_bbp_total_topic_count":0,"_bbp_total_reply_count":0,"_bbp_voice_count":0,"_bbp_anonymous_reply_count":0,"_bbp_topic_count_hidden":0,"_bbp_reply_count_hidden":0,"_bbp_forum_subforum_count":0,"_monsterinsights_skip_tracking":false,"_monsterinsights_sitenote_active":false,"_monsterinsights_sitenote_note":"","_monsterinsights_sitenote_category":0,"footnotes":""},"class_list":["post-3180","page","type-page","status-publish","hentry"],"yoast_head":"<!-- This site is optimized with the Yoast SEO plugin v27.0 - https:\/\/yoast.com\/product\/yoast-seo-wordpress\/ -->\n<title>Infos sous-tests - NCWiki<\/title>\n<meta name=\"robots\" content=\"index, follow, max-snippet:-1, max-image-preview:large, max-video-preview:-1\" \/>\n<link rel=\"canonical\" href=\"https:\/\/www.nc-wiki.ch\/fr\/infos-sous-tests\/\" \/>\n<meta property=\"og:locale\" content=\"fr_FR\" \/>\n<meta property=\"og:type\" content=\"article\" \/>\n<meta property=\"og:title\" content=\"Infos sous-tests - NCWiki\" \/>\n<meta property=\"og:description\" content=\"Vue d&rsquo;ensemble Nous avons rassembl\u00e9 dans les pages suivantes des informations sur les diff\u00e9rents sous-tests.\u00a0 Tu trouveras \u00e0 chaque fois une explication du sous-test, nos recommandations pour la pr\u00e9paration (combien s&rsquo;entra\u00eener, quand commencer) et nos meilleures astuces pour la r\u00e9solution des sous-tests.\u00a0 \u00a0 G\u00e9n\u00e9ralit\u00e9s Fragments de figure Questions fond. science et med. Figures tubulaires Probl\u00e8mes [&hellip;]\" \/>\n<meta property=\"og:url\" content=\"https:\/\/www.nc-wiki.ch\/fr\/infos-sous-tests\/\" \/>\n<meta property=\"og:site_name\" content=\"NCWiki\" \/>\n<meta property=\"article:modified_time\" content=\"2024-04-07T13:25:35+00:00\" \/>\n<meta property=\"og:image\" content=\"https:\/\/www.nc-wiki.ch\/wp-content\/uploads\/2021\/04\/logo_moreBG.png\" \/>\n\t<meta property=\"og:image:width\" content=\"780\" \/>\n\t<meta property=\"og:image:height\" content=\"642\" \/>\n\t<meta property=\"og:image:type\" content=\"image\/png\" \/>\n<meta name=\"twitter:card\" content=\"summary_large_image\" \/>\n<meta name=\"twitter:label1\" content=\"Dur\u00e9e de lecture estim\u00e9e\" \/>\n\t<meta name=\"twitter:data1\" content=\"1 minute\" \/>\n<script type=\"application\/ld+json\" class=\"yoast-schema-graph\">{\"@context\":\"https:\/\/schema.org\",\"@graph\":[{\"@type\":\"WebPage\",\"@id\":\"https:\/\/www.nc-wiki.ch\/fr\/infos-sous-tests\/\",\"url\":\"https:\/\/www.nc-wiki.ch\/fr\/infos-sous-tests\/\",\"name\":\"Infos sous-tests - NCWiki\",\"isPartOf\":{\"@id\":\"https:\/\/www.nc-wiki.ch\/#website\"},\"datePublished\":\"2021-11-20T18:48:39+00:00\",\"dateModified\":\"2024-04-07T13:25:35+00:00\",\"breadcrumb\":{\"@id\":\"https:\/\/www.nc-wiki.ch\/fr\/infos-sous-tests\/#breadcrumb\"},\"inLanguage\":\"fr-FR\",\"potentialAction\":[{\"@type\":\"ReadAction\",\"target\":[\"https:\/\/www.nc-wiki.ch\/fr\/infos-sous-tests\/\"]}]},{\"@type\":\"BreadcrumbList\",\"@id\":\"https:\/\/www.nc-wiki.ch\/fr\/infos-sous-tests\/#breadcrumb\",\"itemListElement\":[{\"@type\":\"ListItem\",\"position\":1,\"name\":\"Home\",\"item\":\"https:\/\/www.nc-wiki.ch\/fr\/\"},{\"@type\":\"ListItem\",\"position\":2,\"name\":\"Infos sous-tests\"}]},{\"@type\":\"WebSite\",\"@id\":\"https:\/\/www.nc-wiki.ch\/#website\",\"url\":\"https:\/\/www.nc-wiki.ch\/\",\"name\":\"NCWiki\",\"description\":\"Chancengleichheit beim Mediziner*innentest\",\"publisher\":{\"@id\":\"https:\/\/www.nc-wiki.ch\/#organization\"},\"potentialAction\":[{\"@type\":\"SearchAction\",\"target\":{\"@type\":\"EntryPoint\",\"urlTemplate\":\"https:\/\/www.nc-wiki.ch\/?s={search_term_string}\"},\"query-input\":{\"@type\":\"PropertyValueSpecification\",\"valueRequired\":true,\"valueName\":\"search_term_string\"}}],\"inLanguage\":\"fr-FR\"},{\"@type\":\"Organization\",\"@id\":\"https:\/\/www.nc-wiki.ch\/#organization\",\"name\":\"NCWiki\",\"url\":\"https:\/\/www.nc-wiki.ch\/\",\"logo\":{\"@type\":\"ImageObject\",\"inLanguage\":\"fr-FR\",\"@id\":\"https:\/\/www.nc-wiki.ch\/#\/schema\/logo\/image\/\",\"url\":\"https:\/\/www.nc-wiki.ch\/wp-content\/uploads\/2021\/04\/logo_moreBG.png\",\"contentUrl\":\"https:\/\/www.nc-wiki.ch\/wp-content\/uploads\/2021\/04\/logo_moreBG.png\",\"width\":780,\"height\":642,\"caption\":\"NCWiki\"},\"image\":{\"@id\":\"https:\/\/www.nc-wiki.ch\/#\/schema\/logo\/image\/\"},\"sameAs\":[\"https:\/\/www.instagram.com\/ncwiki.ch\/\"]}]}<\/script>\n<!-- \/ Yoast SEO plugin. -->","yoast_head_json":{"title":"Infos sous-tests - NCWiki","robots":{"index":"index","follow":"follow","max-snippet":"max-snippet:-1","max-image-preview":"max-image-preview:large","max-video-preview":"max-video-preview:-1"},"canonical":"https:\/\/www.nc-wiki.ch\/fr\/infos-sous-tests\/","og_locale":"fr_FR","og_type":"article","og_title":"Infos sous-tests - NCWiki","og_description":"Vue d&rsquo;ensemble Nous avons rassembl\u00e9 dans les pages suivantes des informations sur les diff\u00e9rents sous-tests.\u00a0 Tu trouveras \u00e0 chaque fois une explication du sous-test, nos recommandations pour la pr\u00e9paration (combien s&rsquo;entra\u00eener, quand commencer) et nos meilleures astuces pour la r\u00e9solution des sous-tests.\u00a0 \u00a0 G\u00e9n\u00e9ralit\u00e9s Fragments de figure Questions fond. science et med. Figures tubulaires Probl\u00e8mes [&hellip;]","og_url":"https:\/\/www.nc-wiki.ch\/fr\/infos-sous-tests\/","og_site_name":"NCWiki","article_modified_time":"2024-04-07T13:25:35+00:00","og_image":[{"width":780,"height":642,"url":"https:\/\/www.nc-wiki.ch\/wp-content\/uploads\/2021\/04\/logo_moreBG.png","type":"image\/png"}],"twitter_card":"summary_large_image","twitter_misc":{"Dur\u00e9e de lecture estim\u00e9e":"1 minute"},"schema":{"@context":"https:\/\/schema.org","@graph":[{"@type":"WebPage","@id":"https:\/\/www.nc-wiki.ch\/fr\/infos-sous-tests\/","url":"https:\/\/www.nc-wiki.ch\/fr\/infos-sous-tests\/","name":"Infos sous-tests - NCWiki","isPartOf":{"@id":"https:\/\/www.nc-wiki.ch\/#website"},"datePublished":"2021-11-20T18:48:39+00:00","dateModified":"2024-04-07T13:25:35+00:00","breadcrumb":{"@id":"https:\/\/www.nc-wiki.ch\/fr\/infos-sous-tests\/#breadcrumb"},"inLanguage":"fr-FR","potentialAction":[{"@type":"ReadAction","target":["https:\/\/www.nc-wiki.ch\/fr\/infos-sous-tests\/"]}]},{"@type":"BreadcrumbList","@id":"https:\/\/www.nc-wiki.ch\/fr\/infos-sous-tests\/#breadcrumb","itemListElement":[{"@type":"ListItem","position":1,"name":"Home","item":"https:\/\/www.nc-wiki.ch\/fr\/"},{"@type":"ListItem","position":2,"name":"Infos sous-tests"}]},{"@type":"WebSite","@id":"https:\/\/www.nc-wiki.ch\/#website","url":"https:\/\/www.nc-wiki.ch\/","name":"NCWiki","description":"Chancengleichheit beim Mediziner*innentest","publisher":{"@id":"https:\/\/www.nc-wiki.ch\/#organization"},"potentialAction":[{"@type":"SearchAction","target":{"@type":"EntryPoint","urlTemplate":"https:\/\/www.nc-wiki.ch\/?s={search_term_string}"},"query-input":{"@type":"PropertyValueSpecification","valueRequired":true,"valueName":"search_term_string"}}],"inLanguage":"fr-FR"},{"@type":"Organization","@id":"https:\/\/www.nc-wiki.ch\/#organization","name":"NCWiki","url":"https:\/\/www.nc-wiki.ch\/","logo":{"@type":"ImageObject","inLanguage":"fr-FR","@id":"https:\/\/www.nc-wiki.ch\/#\/schema\/logo\/image\/","url":"https:\/\/www.nc-wiki.ch\/wp-content\/uploads\/2021\/04\/logo_moreBG.png","contentUrl":"https:\/\/www.nc-wiki.ch\/wp-content\/uploads\/2021\/04\/logo_moreBG.png","width":780,"height":642,"caption":"NCWiki"},"image":{"@id":"https:\/\/www.nc-wiki.ch\/#\/schema\/logo\/image\/"},"sameAs":["https:\/\/www.instagram.com\/ncwiki.ch\/"]}]}},"_links":{"self":[{"href":"https:\/\/www.nc-wiki.ch\/fr\/wp-json\/wp\/v2\/pages\/3180","targetHints":{"allow":["GET"]}}],"collection":[{"href":"https:\/\/www.nc-wiki.ch\/fr\/wp-json\/wp\/v2\/pages"}],"about":[{"href":"https:\/\/www.nc-wiki.ch\/fr\/wp-json\/wp\/v2\/types\/page"}],"author":[{"embeddable":true,"href":"https:\/\/www.nc-wiki.ch\/fr\/wp-json\/wp\/v2\/users\/1195"}],"replies":[{"embeddable":true,"href":"https:\/\/www.nc-wiki.ch\/fr\/wp-json\/wp\/v2\/comments?post=3180"}],"version-history":[{"count":19,"href":"https:\/\/www.nc-wiki.ch\/fr\/wp-json\/wp\/v2\/pages\/3180\/revisions"}],"predecessor-version":[{"id":7346,"href":"https:\/\/www.nc-wiki.ch\/fr\/wp-json\/wp\/v2\/pages\/3180\/revisions\/7346"}],"wp:attachment":[{"href":"https:\/\/www.nc-wiki.ch\/fr\/wp-json\/wp\/v2\/media?parent=3180"}],"curies":[{"name":"wp","href":"https:\/\/api.w.org\/{rel}","templated":true}]}}